{"id":15715,"date":"2021-04-13T11:43:51","date_gmt":"2021-04-13T11:43:51","guid":{"rendered":"https:\/\/honeybeeclever.com\/oldwebsite\/?page_id=15715"},"modified":"2021-04-14T13:28:45","modified_gmt":"2021-04-14T13:28:45","slug":"tahta-kasik","status":"publish","type":"page","link":"https:\/\/honeybeeclever.com\/oldwebsite\/katalog\/tahta-kasik\/","title":{"rendered":"Tahta ka\u015f\u0131k"},"content":{"rendered":"\t\t<div data-elementor-type=\"wp-page\" data-elementor-id=\"15715\" class=\"elementor elementor-15715\">\n\t\t\t\t\t\t<section class=\"elementor-section elementor-top-section elementor-element elementor-element-0fad5a2 elementor-section-full_width elementor-section-height-default elementor-section-height-default wd-section-disabled\" data-id=\"0fad5a2\" data-element_type=\"section\" data-e-type=\"section\">\n\t\t\t\t\t\t<div class=\"elementor-container elementor-column-gap-default\">\n\t\t\t\t\t<div class=\"elementor-column elementor-col-100 elementor-top-column elementor-element elementor-element-567c82c\" data-id=\"567c82c\" data-element_type=\"column\" data-e-type=\"column\">\n\t\t\t<div class=\"elementor-widget-wrap elementor-element-populated\">\n\t\t\t\t\t\t<div class=\"elementor-element elementor-element-9a41858 elementor-widget elementor-widget-slider_revolution\" data-id=\"9a41858\" data-element_type=\"widget\" data-e-type=\"widget\" data-widget_type=\"slider_revolution.default\">\n\t\t\t\t<div class=\"elementor-widget-container\">\n\t\t\t\t\t\r\n\t\t<div class=\"wp-block-themepunch-revslider\">\n\t\t\t<!-- START wooden spoon tr REVOLUTION SLIDER 6.6.15 --><p class=\"rs-p-wp-fix\"><\/p>\n\t\t\t<rs-module-wrap id=\"sweets-bakery_wrapper\" data-source=\"gallery\" style=\"visibility:hidden;background:transparent;padding:0;margin:0px auto;margin-top:0;margin-bottom:0;\">\n\t\t\t\t<rs-module id=\"sweets-bakery\" style=\"\" data-version=\"6.6.15\">\n\t\t\t\t\t<rs-slides style=\"overflow: hidden; position: absolute;\">\n\t\t\t\t\t\t<rs-slide style=\"position: absolute;\" data-key=\"rs-261\" data-title=\"Slide\" data-anim=\"adpr:false;ms:600;\" data-in=\"o:0;\" data-out=\"a:false;\">\n\t\t\t\t\t\t\t<img decoding=\"async\" src=\"\/\/honeybeeclever.com\/oldwebsite\/wp-content\/plugins\/revslider\/public\/assets\/assets\/dummy.png\" alt=\"Slide\" title=\"Tahta ka\u015f\u0131k\" class=\"rev-slidebg tp-rs-img rs-lazyload\" data-lazyload=\"\/\/honeybeeclever.com\/oldwebsite\/wp-content\/plugins\/revslider\/public\/assets\/assets\/transparent.png\" data-bg=\"c:#f6e5ce;\" data-parallax=\"off\" data-no-retina>\n<!--\n\t\t\t\t\t\t\t--><rs-layer\n\t\t\t\t\t\t\t\tid=\"slider-41-slide-261-layer-1\" \n\t\t\t\t\t\t\t\tclass=\"tp-shape tp-shapewrapper rs-pxl-1\"\n\t\t\t\t\t\t\t\tdata-type=\"shape\"\n\t\t\t\t\t\t\t\tdata-rsp_ch=\"on\"\n\t\t\t\t\t\t\t\tdata-xy=\"x:c;xo:3px;y:c;yo:35px;\"\n\t\t\t\t\t\t\t\tdata-text=\"fw:100;a:inherit;\"\n\t\t\t\t\t\t\t\tdata-dim=\"w:413px;h:413px;\"\n\t\t\t\t\t\t\t\tdata-border=\"bor:390px,390px,390px,390px;\"\n\t\t\t\t\t\t\t\tdata-frame_0=\"sX:0.8;sY:0.8;\"\n\t\t\t\t\t\t\t\tdata-frame_1=\"e:power4.out;st:200;sp:1500;sR:200;\"\n\t\t\t\t\t\t\t\tdata-frame_999=\"o:0;e:nothing;st:w;sR:7300;\"\n\t\t\t\t\t\t\t\tstyle=\"z-index:8;background-color:rgba(243,221,190,0.75);\"\n\t\t\t\t\t\t\t> \n\t\t\t\t\t\t\t<\/rs-layer><!--\n\n\t\t\t\t\t\t\t--><rs-layer\n\t\t\t\t\t\t\t\tid=\"slider-41-slide-261-layer-3\" \n\t\t\t\t\t\t\t\tclass=\"tp-shape tp-shapewrapper rs-pxl-1\"\n\t\t\t\t\t\t\t\tdata-type=\"shape\"\n\t\t\t\t\t\t\t\tdata-rsp_ch=\"on\"\n\t\t\t\t\t\t\t\tdata-xy=\"x:c;xo:3px;y:c;yo:35px;\"\n\t\t\t\t\t\t\t\tdata-text=\"fw:100;a:inherit;\"\n\t\t\t\t\t\t\t\tdata-dim=\"w:329px;h:329px;\"\n\t\t\t\t\t\t\t\tdata-border=\"bor:270px,270px,270px,270px;\"\n\t\t\t\t\t\t\t\tdata-frame_0=\"sX:0.8;sY:0.8;\"\n\t\t\t\t\t\t\t\tdata-frame_1=\"e:power4.out;sp:1500;sR:10;\"\n\t\t\t\t\t\t\t\tdata-frame_999=\"o:0;e:nothing;st:w;sR:7490;\"\n\t\t\t\t\t\t\t\tstyle=\"z-index:9;background-color:#edcb9d;\"\n\t\t\t\t\t\t\t> \n\t\t\t\t\t\t\t<\/rs-layer><!--\n\n\t\t\t\t\t\t\t--><rs-layer\n\t\t\t\t\t\t\t\tid=\"slider-41-slide-261-layer-4\" \n\t\t\t\t\t\t\t\tclass=\"rs-pxl-3\"\n\t\t\t\t\t\t\t\tdata-type=\"image\"\n\t\t\t\t\t\t\t\tdata-rsp_ch=\"on\"\n\t\t\t\t\t\t\t\tdata-xy=\"x:c;xo:2px;y:c;yo:35px;\"\n\t\t\t\t\t\t\t\tdata-text=\"l:22;a:inherit;\"\n\t\t\t\t\t\t\t\tdata-dim=\"w:1082px;h:479px;\"\n\t\t\t\t\t\t\t\tdata-frame_0=\"sX:0.6;sY:0.6;\"\n\t\t\t\t\t\t\t\tdata-frame_1=\"e:easeOutQuint;sp:1200;sR:10;\"\n\t\t\t\t\t\t\t\tdata-frame_999=\"o:0;e:nothing;st:w;sR:7790;\"\n\t\t\t\t\t\t\t\tstyle=\"z-index:10;\"\n\t\t\t\t\t\t\t><img fetchpriority=\"high\" decoding=\"async\" src=\"\/\/honeybeeclever.com\/oldwebsite\/wp-content\/plugins\/revslider\/public\/assets\/assets\/dummy.png\" alt=\"\" class=\"tp-rs-img rs-lazyload\" width=\"1920\" height=\"850\" data-lazyload=\"\/\/honeybeeclever.com\/oldwebsite\/wp-content\/uploads\/2020\/12\/Honey-Spoon.png\" data-no-retina> \n\t\t\t\t\t\t\t<\/rs-layer><!--\n\n\t\t\t\t\t\t\t--><h4\n\t\t\t\t\t\t\t\tid=\"slider-41-slide-261-layer-5\" \n\t\t\t\t\t\t\t\tclass=\"rs-layer rs-pxl-10\"\n\t\t\t\t\t\t\t\tdata-type=\"text\"\n\t\t\t\t\t\t\t\tdata-color=\"#ffffff\"\n\t\t\t\t\t\t\t\tdata-rsp_ch=\"on\"\n\t\t\t\t\t\t\t\tdata-xy=\"x:392px;y:c;yo:38px;\"\n\t\t\t\t\t\t\t\tdata-text=\"s:100;l:100;fw:500;a:inherit;\"\n\t\t\t\t\t\t\t\tdata-frame_0=\"x:left;o:1;\"\n\t\t\t\t\t\t\t\tdata-frame_1=\"e:expo.out;st:150;sp:1200;sR:150;\"\n\t\t\t\t\t\t\t\tdata-frame_999=\"o:0;e:nothing;st:w;sR:7650;\"\n\t\t\t\t\t\t\t\tstyle=\"z-index:11;font-family:'Roboto';\"\n\t\t\t\t\t\t\t>Tahta \n\t\t\t\t\t\t\t<\/h4><!--\n\n\t\t\t\t\t\t\t--><h4\n\t\t\t\t\t\t\t\tid=\"slider-41-slide-261-layer-6\" \n\t\t\t\t\t\t\t\tclass=\"rs-layer rs-pxl-10\"\n\t\t\t\t\t\t\t\tdata-type=\"text\"\n\t\t\t\t\t\t\t\tdata-color=\"#ffffff\"\n\t\t\t\t\t\t\t\tdata-rsp_ch=\"on\"\n\t\t\t\t\t\t\t\tdata-xy=\"x:c;xo:267px;y:c;yo:47px;\"\n\t\t\t\t\t\t\t\tdata-text=\"s:110;l:130;fw:500;a:inherit;\"\n\t\t\t\t\t\t\t\tdata-frame_0=\"x:right;o:1;\"\n\t\t\t\t\t\t\t\tdata-frame_1=\"e:expo.out;st:150;sp:1200;sR:150;\"\n\t\t\t\t\t\t\t\tdata-frame_999=\"o:0;e:nothing;st:w;sR:7650;\"\n\t\t\t\t\t\t\t\tstyle=\"z-index:14;font-family:'Roboto';\"\n\t\t\t\t\t\t\t>Ka\u015f\u0131k \n\t\t\t\t\t\t\t<\/h4><!--\n\n\t\t\t\t\t\t\t--><rs-layer\n\t\t\t\t\t\t\t\tid=\"slider-41-slide-261-layer-9\" \n\t\t\t\t\t\t\t\tclass=\"rs-pxl-9\"\n\t\t\t\t\t\t\t\tdata-type=\"image\"\n\t\t\t\t\t\t\t\tdata-rsp_ch=\"on\"\n\t\t\t\t\t\t\t\tdata-xy=\"x:219px;y:c;yo:36px;\"\n\t\t\t\t\t\t\t\tdata-text=\"l:22;a:inherit;\"\n\t\t\t\t\t\t\t\tdata-dim=\"w:1005px;h:445px;\"\n\t\t\t\t\t\t\t\tdata-frame_0=\"x:-50px;\"\n\t\t\t\t\t\t\t\tdata-frame_1=\"e:easeOutQuint;st:150;sp:1200;sR:150;\"\n\t\t\t\t\t\t\t\tdata-frame_999=\"o:0;e:nothing;st:w;sR:7650;\"\n\t\t\t\t\t\t\t\tstyle=\"z-index:15;\"\n\t\t\t\t\t\t\t><img decoding=\"async\" src=\"\/\/honeybeeclever.com\/oldwebsite\/wp-content\/plugins\/revslider\/public\/assets\/assets\/dummy.png\" alt=\"\" class=\"tp-rs-img rs-lazyload\" width=\"1920\" height=\"850\" data-lazyload=\"\/\/honeybeeclever.com\/oldwebsite\/wp-content\/uploads\/2020\/12\/Waffle.png\" data-no-retina> \n\t\t\t\t\t\t\t<\/rs-layer><!--\n\n\t\t\t\t\t\t\t--><rs-layer\n\t\t\t\t\t\t\t\tid=\"slider-41-slide-261-layer-12\" \n\t\t\t\t\t\t\t\tclass=\"rs-pxl-9\"\n\t\t\t\t\t\t\t\tdata-type=\"image\"\n\t\t\t\t\t\t\t\tdata-rsp_ch=\"on\"\n\t\t\t\t\t\t\t\tdata-xy=\"x:218px;y:c;yo:41px;\"\n\t\t\t\t\t\t\t\tdata-text=\"l:22;a:inherit;\"\n\t\t\t\t\t\t\t\tdata-dim=\"w:1157px;h:512px;\"\n\t\t\t\t\t\t\t\tdata-frame_0=\"x:-50px;\"\n\t\t\t\t\t\t\t\tdata-frame_1=\"e:easeOutQuint;st:150;sp:1200;sR:150;\"\n\t\t\t\t\t\t\t\tdata-frame_999=\"o:0;e:nothing;st:w;sR:7650;\"\n\t\t\t\t\t\t\t\tstyle=\"z-index:13;\"\n\t\t\t\t\t\t\t><img decoding=\"async\" src=\"\/\/honeybeeclever.com\/oldwebsite\/wp-content\/plugins\/revslider\/public\/assets\/assets\/dummy.png\" alt=\"\" class=\"tp-rs-img rs-lazyload\" width=\"1920\" height=\"850\" data-lazyload=\"\/\/honeybeeclever.com\/oldwebsite\/wp-content\/uploads\/2020\/12\/Items.png\" data-no-retina> \n\t\t\t\t\t\t\t<\/rs-layer><!--\n-->\t\t\t\t\t\t<\/rs-slide>\n\t\t\t\t\t<\/rs-slides>\n\t\t\t\t<\/rs-module>\n\t\t\t\t<script>\n\t\t\t\t\tsetREVStartSize({c: 'sweets-bakery',rl:[1240,1024,778,480],el:[600],gw:[1440],gh:[600],type:'standard',justify:'',layout:'fullwidth',mh:\"0\"});if (window.RS_MODULES!==undefined && window.RS_MODULES.modules!==undefined && window.RS_MODULES.modules[\"sweetsbakery\"]!==undefined) {window.RS_MODULES.modules[\"sweetsbakery\"].once = false;window.revapi41 = undefined;if (window.RS_MODULES.checkMinimal!==undefined) window.RS_MODULES.checkMinimal()}\n\t\t\t\t<\/script>\n\t\t\t<\/rs-module-wrap>\n\t\t\t<!-- END REVOLUTION SLIDER -->\n<\/div>\r\n\r\n\t\t\t\t\t\t<\/div>\n\t\t\t\t<\/div>\n\t\t\t\t\t<\/div>\n\t\t<\/div>\n\t\t\t\t\t<\/div>\n\t\t<\/section>\n\t\t\t\t<section class=\"elementor-section elementor-top-section elementor-element elementor-element-55f6052 1 elementor-section-boxed elementor-section-height-default elementor-section-height-default wd-section-disabled\" data-id=\"55f6052\" data-element_type=\"section\" data-e-type=\"section\">\n\t\t\t\t\t\t<div class=\"elementor-container elementor-column-gap-default\">\n\t\t\t\t\t<div class=\"elementor-column elementor-col-100 elementor-top-column elementor-element elementor-element-215eb08\" data-id=\"215eb08\" data-element_type=\"column\" data-e-type=\"column\">\n\t\t\t<div class=\"elementor-widget-wrap elementor-element-populated\">\n\t\t\t\t\t\t<div class=\"elementor-element elementor-element-343da68 elementor-widget elementor-widget-spacer\" data-id=\"343da68\" data-element_type=\"widget\" data-e-type=\"widget\" data-widget_type=\"spacer.default\">\n\t\t\t\t<div class=\"elementor-widget-container\">\n\t\t\t\t\t\t\t<div class=\"elementor-spacer\">\n\t\t\t<div class=\"elementor-spacer-inner\"><\/div>\n\t\t<\/div>\n\t\t\t\t\t\t<\/div>\n\t\t\t\t<\/div>\n\t\t\t\t\t<\/div>\n\t\t<\/div>\n\t\t\t\t\t<\/div>\n\t\t<\/section>\n\t\t\t\t<section class=\"elementor-section elementor-top-section elementor-element elementor-element-50b3b8c 1 elementor-section-boxed elementor-section-height-default elementor-section-height-default wd-section-disabled\" data-id=\"50b3b8c\" data-element_type=\"section\" data-e-type=\"section\" id=\"1\">\n\t\t\t\t\t\t<div class=\"elementor-container elementor-column-gap-default\">\n\t\t\t\t\t<div class=\"elementor-column elementor-col-50 elementor-top-column elementor-element elementor-element-c9235ae\" data-id=\"c9235ae\" data-element_type=\"column\" data-e-type=\"column\">\n\t\t\t<div class=\"elementor-widget-wrap elementor-element-populated\">\n\t\t\t\t\t\t<div class=\"elementor-element elementor-element-f80dc44 elementor-widget elementor-widget-wd_images_gallery\" data-id=\"f80dc44\" data-element_type=\"widget\" data-e-type=\"widget\" data-widget_type=\"wd_images_gallery.default\">\n\t\t\t\t<div class=\"elementor-widget-container\">\n\t\t\t\t\t\t\t<div class=\"wd-images-gallery wd-justify-center wd-items-middle view-grid photoswipe-images\" >\n\t\t\t<div class=\"gallery-images row wd-spacing-20\">\n\t\t\t\t\t\t\t\t\t\t\t\t\t\t<div class=\"wd-gallery-item  col-6\">\n\t\t\t\t\t\t\t\t\t\t\t\t\t<a  href=\"https:\/\/honeybeeclever.com\/oldwebsite\/wp-content\/uploads\/2020\/10\/HBC-Wood_Spoon-Black-Box-1024x1024-1.jpg\"data-width=\"1024\" data-height=\"1024\" data-index=\"1\" data-elementor-open-lightbox=\"no\">\n\t\t\t\t\t\t\n\t\t\t\t\t\t<img decoding=\"async\" class=\"wd-lazy-load woodmart-lazy-load wd-lazy-fade\" src=\"https:\/\/honeybeeclever.com\/oldwebsite\/wp-content\/themes\/woodmart\/images\/lazy.png\" data-wood-src=\"https:\/\/honeybeeclever.com\/oldwebsite\/wp-content\/uploads\/2020\/10\/HBC-Wood_Spoon-Black-Box-1024x1024-1-1024x1024.jpg\"alt=\"HBC-Wood_Spoon-Black-Box-1024x1024\">\n\t\t\t\t\t\t\t\t\t\t\t\t\t<\/a>\n\t\t\t\t\t\t\t\t\t\t\t<\/div>\n\t\t\t\t\t\t\t\t\t\t\t\t\t\t\t<div class=\"wd-gallery-item  col-6\">\n\t\t\t\t\t\t\t\t\t\t\t\t\t<a  href=\"https:\/\/honeybeeclever.com\/oldwebsite\/wp-content\/uploads\/2020\/10\/HBC-Wood_Spoon-Golde-Box-1024x1024-1.jpg\"data-width=\"1024\" data-height=\"1024\" data-index=\"2\" data-elementor-open-lightbox=\"no\">\n\t\t\t\t\t\t\n\t\t\t\t\t\t<img decoding=\"async\" class=\"wd-lazy-load woodmart-lazy-load wd-lazy-fade\" src=\"https:\/\/honeybeeclever.com\/oldwebsite\/wp-content\/themes\/woodmart\/images\/lazy.png\" data-wood-src=\"https:\/\/honeybeeclever.com\/oldwebsite\/wp-content\/uploads\/2020\/10\/HBC-Wood_Spoon-Golde-Box-1024x1024-1-1024x1024.jpg\"alt=\"HBC-Wood_Spoon-Golde-Box-1024x1024\">\n\t\t\t\t\t\t\t\t\t\t\t\t\t<\/a>\n\t\t\t\t\t\t\t\t\t\t\t<\/div>\n\t\t\t\t\t\t\t\t\t\t\t\t\t\t\t<div class=\"wd-gallery-item  col-6\">\n\t\t\t\t\t\t\t\t\t\t\t\t\t<a  href=\"https:\/\/honeybeeclever.com\/oldwebsite\/wp-content\/uploads\/2020\/10\/HBC-Wood_Spoon-Red-Box-1024x1024-1.jpg\"data-width=\"1024\" data-height=\"1024\" data-index=\"3\" data-elementor-open-lightbox=\"no\">\n\t\t\t\t\t\t\n\t\t\t\t\t\t<img decoding=\"async\" class=\"wd-lazy-load woodmart-lazy-load wd-lazy-fade\" src=\"https:\/\/honeybeeclever.com\/oldwebsite\/wp-content\/themes\/woodmart\/images\/lazy.png\" data-wood-src=\"https:\/\/honeybeeclever.com\/oldwebsite\/wp-content\/uploads\/2020\/10\/HBC-Wood_Spoon-Red-Box-1024x1024-1-1024x1024.jpg\"alt=\"HBC-Wood_Spoon-Red-Box-1024x1024\">\n\t\t\t\t\t\t\t\t\t\t\t\t\t<\/a>\n\t\t\t\t\t\t\t\t\t\t\t<\/div>\n\t\t\t\t\t\t\t\t\t\t\t\t\t\t\t<div class=\"wd-gallery-item  col-6\">\n\t\t\t\t\t\t\t\t\t\t\t\t\t<a  href=\"https:\/\/honeybeeclever.com\/oldwebsite\/wp-content\/uploads\/2020\/10\/HBC-Wood_Spoon-White-Box-1024x1024-1.jpg\"data-width=\"1024\" data-height=\"1024\" data-index=\"4\" data-elementor-open-lightbox=\"no\">\n\t\t\t\t\t\t\n\t\t\t\t\t\t<img decoding=\"async\" class=\"wd-lazy-load woodmart-lazy-load wd-lazy-fade\" src=\"https:\/\/honeybeeclever.com\/oldwebsite\/wp-content\/themes\/woodmart\/images\/lazy.png\" data-wood-src=\"https:\/\/honeybeeclever.com\/oldwebsite\/wp-content\/uploads\/2020\/10\/HBC-Wood_Spoon-White-Box-1024x1024-1-1024x1024.jpg\"alt=\"HBC-Wood_Spoon-White-Box-1024x1024\">\n\t\t\t\t\t\t\t\t\t\t\t\t\t<\/a>\n\t\t\t\t\t\t\t\t\t\t\t<\/div>\n\t\t\t\t\t\t\t\t<\/div>\n\t\t<\/div>\n\t\t\t\t\t\t<\/div>\n\t\t\t\t<\/div>\n\t\t\t\t\t<\/div>\n\t\t<\/div>\n\t\t\t\t<div class=\"elementor-column elementor-col-50 elementor-top-column elementor-element elementor-element-629fcdf wd-elementor-sticky-column wd_sticky_offset_150\" data-id=\"629fcdf\" data-element_type=\"column\" data-e-type=\"column\">\n\t\t\t<div class=\"elementor-widget-wrap elementor-element-populated\">\n\t\t\t\t\t\t<section class=\"elementor-section elementor-inner-section elementor-element elementor-element-ad5d220 elementor-section-boxed elementor-section-height-default elementor-section-height-default wd-section-disabled\" data-id=\"ad5d220\" data-element_type=\"section\" data-e-type=\"section\">\n\t\t\t\t\t\t<div class=\"elementor-container elementor-column-gap-default\">\n\t\t\t\t\t<div class=\"elementor-column elementor-col-100 elementor-inner-column elementor-element elementor-element-3050375\" data-id=\"3050375\" data-element_type=\"column\" data-e-type=\"column\">\n\t\t\t<div class=\"elementor-widget-wrap elementor-element-populated\">\n\t\t\t\t\t\t<div class=\"elementor-element elementor-element-70b6cfa elementor-widget elementor-widget-wd_title\" data-id=\"70b6cfa\" data-element_type=\"widget\" data-e-type=\"widget\" data-widget_type=\"wd_title.default\">\n\t\t\t\t<div class=\"elementor-widget-container\">\n\t\t\t\t\t\t\t<div class=\"title-wrapper set-mb-s reset-last-child wd-title-color-default wd-title-style-default wd-title-size-large text-left\">\n\n\t\t\t\n\t\t\t<div class=\"liner-continer\">\n\t\t\t\t<h1 class=\"woodmart-title-container title wd-fontsize-xxl\">Tahta ka\u015f\u0131k<br \/>\n<\/h1> \n\t\t\t\t\t\t\t<\/div>\n\n\t\t\t\t\t<\/div>\n\t\t\t\t\t\t<\/div>\n\t\t\t\t<\/div>\n\t\t\t\t<div class=\"elementor-element elementor-element-ffbd2b3 color-scheme-inherit text-left elementor-widget elementor-widget-text-editor\" data-id=\"ffbd2b3\" data-element_type=\"widget\" data-e-type=\"widget\" data-widget_type=\"text-editor.default\">\n\t\t\t\t<div class=\"elementor-widget-container\">\n\t\t\t\t\t\t\t\t\t<p>Tutkal i\u00e7ermeyen% 100 do\u011fal g\u0131da s\u0131n\u0131f\u0131 me\u015fe a\u011fac\u0131ndan yap\u0131lm\u0131\u015f ah\u015fap bal kep\u00e7e. Derin oluklu ve uzun sapl\u0131 benzersiz kep\u00e7e tasar\u0131m\u0131. zarars\u0131zd\u0131r ve \u00e7ocuklar\u0131n yan\u0131nda tutabilir. Dayan\u0131kl\u0131, hafif, kullan\u0131m\u0131 ve elde y\u0131kamas\u0131 kolayd\u0131r. Tahta kep\u00e7e \u00fczerindeki oluklar, kavanozdaki bal\u0131 kolayca toplaman\u0131za ve da\u011f\u0131tman\u0131za yard\u0131mc\u0131 olur. Bal, ak\u00e7aa\u011fa\u00e7 \u015furubu, karabiber pekmezi, eritilmi\u015f \u00e7ikolata, karamel ve daha fazlas\u0131n\u0131 serpmek i\u00e7in idealdir.<\/p>\t\t\t\t\t\t\t\t<\/div>\n\t\t\t\t<\/div>\n\t\t\t\t<div class=\"elementor-element elementor-element-6113d92 elementor-widget elementor-widget-wd_title\" data-id=\"6113d92\" data-element_type=\"widget\" data-e-type=\"widget\" data-widget_type=\"wd_title.default\">\n\t\t\t\t<div class=\"elementor-widget-container\">\n\t\t\t\t\t\t\t<div class=\"title-wrapper set-mb-s reset-last-child wd-title-color-default wd-title-style-default wd-title-size-default text-left\">\n\n\t\t\t\n\t\t\t<div class=\"liner-continer\">\n\t\t\t\t<h4 class=\"woodmart-title-container title wd-fontsize-l\">Ka\u015f\u0131k \u00c7e\u015fitleri<\/h4> \n\t\t\t\t\t\t\t<\/div>\n\n\t\t\t\t\t<\/div>\n\t\t\t\t\t\t<\/div>\n\t\t\t\t<\/div>\n\t\t\t\t<div class=\"elementor-element elementor-element-68f614a elementor-widget__width-initial color-scheme-inherit text-left elementor-widget elementor-widget-text-editor\" data-id=\"68f614a\" data-element_type=\"widget\" data-e-type=\"widget\" data-widget_type=\"text-editor.default\">\n\t\t\t\t<div class=\"elementor-widget-container\">\n\t\t\t\t\t\t\t\t\t<p>Siyah<\/p>\t\t\t\t\t\t\t\t<\/div>\n\t\t\t\t<\/div>\n\t\t\t\t<div class=\"elementor-element elementor-element-45937b3 elementor-widget__width-initial color-scheme-inherit text-left elementor-widget elementor-widget-text-editor\" data-id=\"45937b3\" data-element_type=\"widget\" data-e-type=\"widget\" data-widget_type=\"text-editor.default\">\n\t\t\t\t<div class=\"elementor-widget-container\">\n\t\t\t\t\t\t\t\t\t<p>Alt\u0131n<\/p>\t\t\t\t\t\t\t\t<\/div>\n\t\t\t\t<\/div>\n\t\t\t\t<div class=\"elementor-element elementor-element-1402315 elementor-widget__width-initial color-scheme-inherit text-left elementor-widget elementor-widget-text-editor\" data-id=\"1402315\" data-element_type=\"widget\" data-e-type=\"widget\" data-widget_type=\"text-editor.default\">\n\t\t\t\t<div class=\"elementor-widget-container\">\n\t\t\t\t\t\t\t\t\t<p>K\u0131rm\u0131z\u0131<\/p>\t\t\t\t\t\t\t\t<\/div>\n\t\t\t\t<\/div>\n\t\t\t\t<div class=\"elementor-element elementor-element-832037f elementor-widget__width-initial color-scheme-inherit text-left elementor-widget elementor-widget-text-editor\" data-id=\"832037f\" data-element_type=\"widget\" data-e-type=\"widget\" data-widget_type=\"text-editor.default\">\n\t\t\t\t<div class=\"elementor-widget-container\">\n\t\t\t\t\t\t\t\t\t<p>Beyaz<\/p>\t\t\t\t\t\t\t\t<\/div>\n\t\t\t\t<\/div>\n\t\t\t\t\t<\/div>\n\t\t<\/div>\n\t\t\t\t\t<\/div>\n\t\t<\/section>\n\t\t\t\t\t<\/div>\n\t\t<\/div>\n\t\t\t\t\t<\/div>\n\t\t<\/section>\n\t\t\t\t<\/div>\n\t\t","protected":false},"excerpt":{"rendered":"<p>Tahta ka\u015f\u0131k Tutkal i\u00e7ermeyen% 100 do\u011fal g\u0131da s\u0131n\u0131f\u0131 me\u015fe a\u011fac\u0131ndan yap\u0131lm\u0131\u015f ah\u015fap bal kep\u00e7e. Derin oluklu ve uzun sapl\u0131 benzersiz<\/p>\n","protected":false},"author":1,"featured_media":0,"parent":14355,"menu_order":0,"comment_status":"closed","ping_status":"closed","template":"","meta":{"footnotes":""},"class_list":["post-15715","page","type-page","status-publish","hentry"],"_links":{"self":[{"href":"https:\/\/honeybeeclever.com\/oldwebsite\/wp-json\/wp\/v2\/pages\/15715","targetHints":{"allow":["GET"]}}],"collection":[{"href":"https:\/\/honeybeeclever.com\/oldwebsite\/wp-json\/wp\/v2\/pages"}],"about":[{"href":"https:\/\/honeybeeclever.com\/oldwebsite\/wp-json\/wp\/v2\/types\/page"}],"author":[{"embeddable":true,"href":"https:\/\/honeybeeclever.com\/oldwebsite\/wp-json\/wp\/v2\/users\/1"}],"replies":[{"embeddable":true,"href":"https:\/\/honeybeeclever.com\/oldwebsite\/wp-json\/wp\/v2\/comments?post=15715"}],"version-history":[{"count":0,"href":"https:\/\/honeybeeclever.com\/oldwebsite\/wp-json\/wp\/v2\/pages\/15715\/revisions"}],"up":[{"embeddable":true,"href":"https:\/\/honeybeeclever.com\/oldwebsite\/wp-json\/wp\/v2\/pages\/14355"}],"wp:attachment":[{"href":"https:\/\/honeybeeclever.com\/oldwebsite\/wp-json\/wp\/v2\/media?parent=15715"}],"curies":[{"name":"wp","href":"https:\/\/api.w.org\/{rel}","templated":true}]}}