{"id":14951,"date":"2020-12-11T06:56:45","date_gmt":"2020-12-11T06:56:45","guid":{"rendered":"https:\/\/honeybeeclever.com\/oldwebsite\/?page_id=14951"},"modified":"2020-12-30T06:50:15","modified_gmt":"2020-12-30T06:50:15","slug":"hikayemiz","status":"publish","type":"page","link":"https:\/\/honeybeeclever.com\/oldwebsite\/hikayemiz\/","title":{"rendered":"Hikayemiz"},"content":{"rendered":"\t\t<div data-elementor-type=\"wp-page\" data-elementor-id=\"14951\" class=\"elementor elementor-14951\">\n\t\t\t\t\t\t<section class=\"elementor-section elementor-top-section elementor-element elementor-element-7978624 elementor-section-content-middle elementor-section-boxed elementor-section-height-default elementor-section-height-default wd-section-disabled\" data-id=\"7978624\" data-element_type=\"section\" data-e-type=\"section\">\n\t\t\t\t\t\t<div class=\"elementor-container elementor-column-gap-extended\">\n\t\t\t\t\t<div class=\"elementor-column elementor-col-50 elementor-top-column elementor-element elementor-element-5887590\" data-id=\"5887590\" data-element_type=\"column\" data-e-type=\"column\">\n\t\t\t<div class=\"elementor-widget-wrap elementor-element-populated\">\n\t\t\t\t\t\t<div class=\"elementor-element elementor-element-83bddf6 elementor-widget elementor-widget-image\" data-id=\"83bddf6\" data-element_type=\"widget\" data-e-type=\"widget\" data-widget_type=\"image.default\">\n\t\t\t\t<div class=\"elementor-widget-container\">\n\t\t\t\t\t\t\t\t\t\t\t\t\t\t\t<img fetchpriority=\"high\" decoding=\"async\" width=\"1024\" height=\"993\" src=\"https:\/\/honeybeeclever.com\/oldwebsite\/wp-content\/themes\/woodmart\/images\/lazy.png\" class=\"attachment-large size-large wp-image-12239 wd-lazy-load woodmart-lazy-load wd-lazy-fade\" alt=\"\" srcset=\"\" sizes=\"(max-width: 1024px) 100vw, 1024px\" data-wood-src=\"https:\/\/honeybeeclever.com\/oldwebsite\/wp-content\/uploads\/2020\/10\/Screen-Shot-2020-10-14-at-4.55.40-PM-1024x993.png\" data-srcset=\"https:\/\/honeybeeclever.com\/oldwebsite\/wp-content\/uploads\/2020\/10\/Screen-Shot-2020-10-14-at-4.55.40-PM-1024x993.png 1024w, https:\/\/honeybeeclever.com\/oldwebsite\/wp-content\/uploads\/2020\/10\/Screen-Shot-2020-10-14-at-4.55.40-PM-150x145.png 150w, https:\/\/honeybeeclever.com\/oldwebsite\/wp-content\/uploads\/2020\/10\/Screen-Shot-2020-10-14-at-4.55.40-PM-1200x1164.png 1200w, https:\/\/honeybeeclever.com\/oldwebsite\/wp-content\/uploads\/2020\/10\/Screen-Shot-2020-10-14-at-4.55.40-PM-300x291.png 300w, https:\/\/honeybeeclever.com\/oldwebsite\/wp-content\/uploads\/2020\/10\/Screen-Shot-2020-10-14-at-4.55.40-PM-768x745.png 768w, https:\/\/honeybeeclever.com\/oldwebsite\/wp-content\/uploads\/2020\/10\/Screen-Shot-2020-10-14-at-4.55.40-PM.png 1394w\" \/>\t\t\t\t\t\t\t\t\t\t\t\t\t\t\t<\/div>\n\t\t\t\t<\/div>\n\t\t\t\t\t<\/div>\n\t\t<\/div>\n\t\t\t\t<div class=\"elementor-column elementor-col-50 elementor-top-column elementor-element elementor-element-786180 color-scheme-dark\" data-id=\"786180\" data-element_type=\"column\" data-e-type=\"column\">\n\t\t\t<div class=\"elementor-widget-wrap elementor-element-populated\">\n\t\t\t\t\t\t<div class=\"elementor-element elementor-element-6940b8e elementor-widget elementor-widget-wd_title\" data-id=\"6940b8e\" data-element_type=\"widget\" data-e-type=\"widget\" data-widget_type=\"wd_title.default\">\n\t\t\t\t<div class=\"elementor-widget-container\">\n\t\t\t\t\t\t\t<div class=\"title-wrapper set-mb-s reset-last-child wd-title-color-default wd-title-style-default wd-title-size-large text-left\">\n\n\t\t\t\t\t\t\t<div class=\"title-subtitle subtitle-color-default subtitle-style-default wd-fontsize-xs\">\n\t\t\t\t\tHoneyBEEClever\t\t\t\t<\/div>\n\t\t\t\n\t\t\t<div class=\"liner-continer\">\n\t\t\t\t<h4 class=\"woodmart-title-container title wd-fontsize-xxl wd-underline-colored\">Bizim Hikayemiz<br \/>\n<\/h4> \n\t\t\t\t\t\t\t<\/div>\n\n\t\t\t\t\t<\/div>\n\t\t\t\t\t\t<\/div>\n\t\t\t\t<\/div>\n\t\t\t\t<section class=\"elementor-section elementor-inner-section elementor-element elementor-element-7042152 elementor-section-boxed elementor-section-height-default elementor-section-height-default wd-section-disabled\" data-id=\"7042152\" data-element_type=\"section\" data-e-type=\"section\">\n\t\t\t\t\t\t<div class=\"elementor-container elementor-column-gap-extended\">\n\t\t\t\t\t<div class=\"elementor-column elementor-col-100 elementor-top-column elementor-element elementor-element-4712462\" data-id=\"4712462\" data-element_type=\"column\" data-e-type=\"column\">\n\t\t\t<div class=\"elementor-widget-wrap elementor-element-populated\">\n\t\t\t\t\t\t<div class=\"elementor-element elementor-element-267815 color-scheme-inherit text-left elementor-widget elementor-widget-text-editor\" data-id=\"267815\" data-element_type=\"widget\" data-e-type=\"widget\" data-widget_type=\"text-editor.default\">\n\t\t\t\t<div class=\"elementor-widget-container\">\n\t\t\t\t\t\t\t\t\t<p>Bal\u0131n diyetimizde her zaman mevcut oldu\u011fu bir evde b\u00fcy\u00fcd\u00fcm. Kahvalt\u0131da, hafif tatl\u0131larda, s\u0131cak i\u00e7ecekleri tatland\u0131rmak i\u00e7in ve hatta \u00f6ks\u00fcr\u00fck \u015furubu i\u00e7in. Annem bize bal\u0131n s\u00fcper kahraman g\u00fcc\u00fcn\u00fcn s\u0131rr\u0131 oldu\u011funu s\u00f6ylerken, enerjiyi art\u0131rmak ve zihin g\u00fcc\u00fcn\u00fc art\u0131rmak i\u00e7in bize g\u00fcnl\u00fck bir ka\u015f\u0131k dolusu do\u011fal ball\u0131 \u00f6zel kavrulmu\u015f kuruyemi\u015f tarifini verirdi. B\u00f6yle bir evde b\u00fcy\u00fcmek ve ailemle birlikte do\u011fal bal almak i\u00e7in yerel ar\u0131c\u0131lara gitmek, bal\u0131n de\u011ferini, kalitesini ve \u00e7e\u015fitlerini fark etmemi sa\u011flad\u0131. Dahas\u0131, birka\u00e7 \u015firketin CEO&#8217;su olmak ve yo\u011fun bir ya\u015fam tarz\u0131 ya\u015famak, hareket halindeyken uygun bal \u00fcr\u00fcnleri \u00fcretme konusunda bana ilham verdi. HoneyBEEClever sizi b\u00f6yle ba\u015flatt\u0131!<\/p>\t\t\t\t\t\t\t\t<\/div>\n\t\t\t\t<\/div>\n\t\t\t\t\t<\/div>\n\t\t<\/div>\n\t\t\t\t\t<\/div>\n\t\t<\/section>\n\t\t\t\t<div class=\"elementor-element elementor-element-9709270 elementor-widget__width-auto elementor-widget elementor-widget-wd_button\" data-id=\"9709270\" data-element_type=\"widget\" data-e-type=\"widget\" data-widget_type=\"wd_button.default\">\n\t\t\t\t<div class=\"elementor-widget-container\">\n\t\t\t\t\t\t\t<div class=\"wd-button-wrapper woodmart-button-wrapper text-center\" >\n\t\t\t<a class=\"btn btn-style-default btn-shape-rectangle btn-size-default btn-color-primary btn-icon-pos-right\"  href=\"https:\/\/honeybeeclever.com\/oldwebsite\/who-we-are\/\">\n\t\t\t\t<span class=\"wd-btn-text\" data-elementor-setting-key=\"text\">\n\t\t\t\t\tWho We Are\t\t\t\t<\/span>\n\n\t\t\t\t\t\t\t<\/a>\n\t\t<\/div>\n\t\t\t\t\t\t<\/div>\n\t\t\t\t<\/div>\n\t\t\t\t<div class=\"elementor-element elementor-element-9658673 elementor-widget__width-auto elementor-widget elementor-widget-wd_button\" data-id=\"9658673\" data-element_type=\"widget\" data-e-type=\"widget\" data-widget_type=\"wd_button.default\">\n\t\t\t\t<div class=\"elementor-widget-container\">\n\t\t\t\t\t\t\t<div class=\"wd-button-wrapper woodmart-button-wrapper text-center\" >\n\t\t\t<a class=\"btn btn-style-bordered btn-shape-rectangle btn-size-default btn-color-default btn-icon-pos-right\"  href=\"https:\/\/honeybeeclever.com\/oldwebsite\/certifications\/\">\n\t\t\t\t<span class=\"wd-btn-text\" data-elementor-setting-key=\"text\">\n\t\t\t\t\tOur Certifications\t\t\t\t<\/span>\n\n\t\t\t\t\t\t\t<\/a>\n\t\t<\/div>\n\t\t\t\t\t\t<\/div>\n\t\t\t\t<\/div>\n\t\t\t\t\t<\/div>\n\t\t<\/div>\n\t\t\t\t\t<\/div>\n\t\t<\/section>\n\t\t\t\t<section class=\"elementor-section elementor-top-section elementor-element elementor-element-5a05b5b elementor-section-stretched elementor-section-boxed elementor-section-height-default elementor-section-height-default wd-section-disabled\" data-id=\"5a05b5b\" data-element_type=\"section\" data-e-type=\"section\" data-settings=\"{&quot;stretch_section&quot;:&quot;section-stretched&quot;}\">\n\t\t\t\t\t\t<div class=\"elementor-container elementor-column-gap-default\">\n\t\t\t\t\t<div class=\"elementor-column elementor-col-100 elementor-top-column elementor-element elementor-element-872f346\" data-id=\"872f346\" data-element_type=\"column\" data-e-type=\"column\">\n\t\t\t<div class=\"elementor-widget-wrap elementor-element-populated\">\n\t\t\t\t\t\t<div class=\"elementor-element elementor-element-9637d09 elementor-widget elementor-widget-wd_timeline\" data-id=\"9637d09\" data-element_type=\"widget\" data-e-type=\"widget\" data-widget_type=\"wd_timeline.default\">\n\t\t\t\t<div class=\"elementor-widget-container\">\n\t\t\t\t\t\t\t<div class=\"wd-timeline-wrapper wd-item-default wd-line-dashed\">\n\t\t\t<div class=\"woodmart-timeline-line\">\n\t\t\t\t<span class=\"line-dot dot-start\"><\/span>\n\t\t\t\t<span class=\"line-dot dot-end\"><\/span>\n\t\t\t<\/div>\n\n\t\t\t<div class=\"wd-timeline\">\n\t\t\t\t\t\t\t\t\t\t\t\t\t\t\t\t\t\t\t\t<div class=\"wd-timeline-item wd-item-position-right elementor-repeater-item-1f89441\">\n\t\t\t\t\t\t\t<div class=\"woodmart-timeline-dot\"><\/div>\n\n\t\t\t\t\t\t\t<div class=\"timeline-col timeline-col-primary\">\n\t\t\t\t\t\t\t\t<span class=\"timeline-arrow\"><\/span>\n\t\t\t\t\t\t\t\t\n\t\t\t\t\t\t\t\t\n\t\t\t\t\t\t\t\t<div class=\"wd-timeline-content set-cont-mb-s reset-last-child\">\n\t\t\t\t\t\t\t\t\t<h3 style=\"text-align: left; color: #93813f;\">2018 Ba\u015flang\u0131\u00e7<\/h3>\t\t\t\t\t\t\t\t<\/div>\n\t\t\t\t\t\t\t<\/div>\n\n\t\t\t\t\t\t\t<div class=\"timeline-col timeline-col-secondary\">\n\t\t\t\t\t\t\t\t<span class=\"timeline-arrow\"><\/span>\n\t\t\t\t\t\t\t\t\n\t\t\t\t\t\t\t\t\n\t\t\t\t\t\t\t\t<div class=\"wd-timeline-content set-cont-mb-s reset-last-child\">\n\t\t\t\t\t\t\t\t\t<h4 style=\"text-align: left;\">Yenilik\u00e7i \u00c7i\u00e7ek Bal Ka\u015f\u0131klar\u0131n\u0131 \u00fcreten bir giri\u015fim olarak May\u0131s 2018'de kuruldu. 2018'in sonunda, pazar ihtiya\u00e7lar\u0131na yan\u0131t vererek, \u00e7e\u015fitli ya\u015fam tarzlar\u0131na uygun 10 yenilik\u00e7i \u00fcr\u00fcn serisi daha piyasaya s\u00fcrd\u00fck.<\/h4>\t\t\t\t\t\t\t\t<\/div>\n\t\t\t\t\t\t\t<\/div>\n\t\t\t\t\t\t<\/div>\n\t\t\t\t\t\t\t\t\t\t\t\t\t\t\t\t\t\t\t\t\t\t\t\t\t<div class=\"wd-timeline-item wd-item-position-left elementor-repeater-item-9a50cc9\">\n\t\t\t\t\t\t\t<div class=\"woodmart-timeline-dot\"><\/div>\n\n\t\t\t\t\t\t\t<div class=\"timeline-col timeline-col-primary\">\n\t\t\t\t\t\t\t\t<span class=\"timeline-arrow\"><\/span>\n\t\t\t\t\t\t\t\t\n\t\t\t\t\t\t\t\t\n\t\t\t\t\t\t\t\t<div class=\"wd-timeline-content set-cont-mb-s reset-last-child\">\n\t\t\t\t\t\t\t\t\t<h3 style=\"text-align: right; color: #93813f;\">2019 Pozlama<\/h3>\t\t\t\t\t\t\t\t<\/div>\n\t\t\t\t\t\t\t<\/div>\n\n\t\t\t\t\t\t\t<div class=\"timeline-col timeline-col-secondary\">\n\t\t\t\t\t\t\t\t<span class=\"timeline-arrow\"><\/span>\n\t\t\t\t\t\t\t\t\n\t\t\t\t\t\t\t\t\n\t\t\t\t\t\t\t\t<div class=\"wd-timeline-content set-cont-mb-s reset-last-child\">\n\t\t\t\t\t\t\t\t\t<h4>2019'un ba\u015f\u0131nda sadece daha fazla \u00fcr\u00fcn de\u011fil, daha fazla bal t\u00fcr\u00fc! 16 \u00e7e\u015fit saf do\u011fal do\u011fal bal ekliyoruz. HoneyBEEClever, \u015eubat 2019'da d\u00fcnyan\u0131n en b\u00fcy\u00fck y\u0131ll\u0131k yiyecek ve i\u00e7ecek ticaret fuar\u0131 GulfFood'a kat\u0131ld\u0131 ve y\u00fckselen bir y\u0131ld\u0131z oldu. Katar'dan Kuveyt'e, KSA'dan BAE'ye K\u00f6rfez pazarlar\u0131na girdik.<\/h4>\t\t\t\t\t\t\t\t<\/div>\n\t\t\t\t\t\t\t<\/div>\n\t\t\t\t\t\t<\/div>\n\t\t\t\t\t\t\t\t\t\t\t\t\t\t\t\t\t\t\t\t\t\t\t\t\t<div class=\"wd-timeline-item wd-item-position-right elementor-repeater-item-5ac1b28\">\n\t\t\t\t\t\t\t<div class=\"woodmart-timeline-dot\"><\/div>\n\n\t\t\t\t\t\t\t<div class=\"timeline-col timeline-col-primary\">\n\t\t\t\t\t\t\t\t<span class=\"timeline-arrow\"><\/span>\n\t\t\t\t\t\t\t\t\n\t\t\t\t\t\t\t\t\n\t\t\t\t\t\t\t\t<div class=\"wd-timeline-content set-cont-mb-s reset-last-child\">\n\t\t\t\t\t\t\t\t\t<h3 style=\"text-align: right; color: #93813f;\">2020 Pozlama<\/h3>\t\t\t\t\t\t\t\t<\/div>\n\t\t\t\t\t\t\t<\/div>\n\n\t\t\t\t\t\t\t<div class=\"timeline-col timeline-col-secondary\">\n\t\t\t\t\t\t\t\t<span class=\"timeline-arrow\"><\/span>\n\t\t\t\t\t\t\t\t\n\t\t\t\t\t\t\t\t\n\t\t\t\t\t\t\t\t<div class=\"wd-timeline-content set-cont-mb-s reset-last-child\">\n\t\t\t\t\t\t\t\t\t<h4 style=\"text-align: left;\">HoneyBEEClever, 2020 y\u0131l\u0131nda 175 \u00fcr\u00fcn \u00fcreterek, farkl\u0131 i\u015f modelleriyle \u00fcr\u00fcnleri \u00fc\u00e7 k\u0131tada alt\u0131 \u00fclkeye ihra\u00e7 ediyor. HoneyBEEClever, 2020'de \u00e7ocuklar, sporcular ve Slim Fit diyet \u00fcr\u00fcnleri i\u00e7in \u00fc\u00e7 yeni kategori sunuyor.<\/h4>\t\t\t\t\t\t\t\t<\/div>\n\t\t\t\t\t\t\t<\/div>\n\t\t\t\t\t\t<\/div>\n\t\t\t\t\t\t\t\t\t\t\t\t<\/div>\n\t\t<\/div>\n\t\t\t\t\t\t<\/div>\n\t\t\t\t<\/div>\n\t\t\t\t\t<\/div>\n\t\t<\/div>\n\t\t\t\t\t<\/div>\n\t\t<\/section>\n\t\t\t\t<section class=\"elementor-section elementor-top-section elementor-element elementor-element-15e0ae6 elementor-section-stretched elementor-section-boxed elementor-section-height-default elementor-section-height-default wd-section-disabled\" data-id=\"15e0ae6\" data-element_type=\"section\" data-e-type=\"section\" data-settings=\"{&quot;stretch_section&quot;:&quot;section-stretched&quot;}\">\n\t\t\t\t\t\t<div class=\"elementor-container elementor-column-gap-default\">\n\t\t\t\t\t<div class=\"elementor-column elementor-col-100 elementor-top-column elementor-element elementor-element-12d5173\" data-id=\"12d5173\" data-element_type=\"column\" data-e-type=\"column\">\n\t\t\t<div class=\"elementor-widget-wrap elementor-element-populated\">\n\t\t\t\t\t\t<div class=\"elementor-element elementor-element-c638ab8 elementor-widget elementor-widget-heading\" data-id=\"c638ab8\" data-element_type=\"widget\" data-e-type=\"widget\" data-widget_type=\"heading.default\">\n\t\t\t\t<div class=\"elementor-widget-container\">\n\t\t\t\t\t<h1 class=\"elementor-heading-title elementor-size-default\">Bal Ka\u015f\u0131\u011f\u0131 ile Ba\u015flad\u0131k \u015eimdi Buraday\u0131z!<\/h1>\t\t\t\t<\/div>\n\t\t\t\t<\/div>\n\t\t\t\t\t<\/div>\n\t\t<\/div>\n\t\t\t\t\t<\/div>\n\t\t<\/section>\n\t\t\t\t<\/div>\n\t\t","protected":false},"excerpt":{"rendered":"<p>HoneyBEEClever Bizim Hikayemiz Bal\u0131n diyetimizde her zaman mevcut oldu\u011fu bir evde b\u00fcy\u00fcd\u00fcm. Kahvalt\u0131da, hafif tatl\u0131larda, s\u0131cak i\u00e7ecekleri tatland\u0131rmak i\u00e7in ve<\/p>\n","protected":false},"author":1,"featured_media":0,"parent":0,"menu_order":0,"comment_status":"closed","ping_status":"closed","template":"","meta":{"footnotes":""},"class_list":["post-14951","page","type-page","status-publish","hentry"],"_links":{"self":[{"href":"https:\/\/honeybeeclever.com\/oldwebsite\/wp-json\/wp\/v2\/pages\/14951","targetHints":{"allow":["GET"]}}],"collection":[{"href":"https:\/\/honeybeeclever.com\/oldwebsite\/wp-json\/wp\/v2\/pages"}],"about":[{"href":"https:\/\/honeybeeclever.com\/oldwebsite\/wp-json\/wp\/v2\/types\/page"}],"author":[{"embeddable":true,"href":"https:\/\/honeybeeclever.com\/oldwebsite\/wp-json\/wp\/v2\/users\/1"}],"replies":[{"embeddable":true,"href":"https:\/\/honeybeeclever.com\/oldwebsite\/wp-json\/wp\/v2\/comments?post=14951"}],"version-history":[{"count":0,"href":"https:\/\/honeybeeclever.com\/oldwebsite\/wp-json\/wp\/v2\/pages\/14951\/revisions"}],"wp:attachment":[{"href":"https:\/\/honeybeeclever.com\/oldwebsite\/wp-json\/wp\/v2\/media?parent=14951"}],"curies":[{"name":"wp","href":"https:\/\/api.w.org\/{rel}","templated":true}]}}